{"id":81554,"date":"2023-10-28T14:25:42","date_gmt":"2023-10-28T14:25:42","guid":{"rendered":"https:\/\/firmaefraim.st\/?page_id=81554"},"modified":"2026-02-28T10:49:45","modified_gmt":"2026-02-28T10:49:45","slug":"services","status":"publish","type":"page","link":"https:\/\/firmaefraim.st\/pt\/services\/","title":{"rendered":"Servi\u00e7os"},"content":{"rendered":"<div class=\"et_d4_element et_pb_section et_pb_section_0  et_pb_css_mix_blend_mode et_section_regular et_block_section\" >\n\t\t\t\t\n\t\t\t\t\n\t\t\t\t\n\t\t\t\t\n\t\t\t\t\n\t\t\t\t\n\t\t\t\t<div class=\"et_d4_element et_pb_row et_pb_row_0 et_pb_gutters1  et_pb_css_mix_blend_mode et_block_row\">\n\t\t\t\t<div class=\"et_d4_element et_pb_column_4_4 et_pb_column et_pb_column_0  et_pb_css_mix_blend_mode et-last-child et_block_column\">\n\t\t\t\t\n\t\t\t\t\n\t\t\t\t\n\t\t\t\t\n\t\t\t\t<div class=\"et_pb_module et_d4_element et_pb_text et_pb_text_0  et_pb_text_align_left et_pb_bg_layout_light\">\n\t\t\t\t\n\t\t\t\t\n\t\t\t\t\n\t\t\t\t\n\t\t\t\t<div class=\"et_pb_text_inner\"><h1>Saborear, Descansar e Aprender.<\/h1><\/div>\n\t\t\t<\/div>\n\t\t\t<\/div>\n\t\t\t\t\n\t\t\t\t\n\t\t\t\t\n\t\t\t\t\n\t\t\t<\/div><div class=\"et_d4_element et_pb_row et_pb_row_1 et_pb_row_fullwidth et_pb_equal_columns et_pb_gutters1  et_pb_css_mix_blend_mode et_block_row\">\n\t\t\t\t<div class=\"et_d4_element et_pb_column_1_2 et_pb_column et_pb_column_1  et_pb_css_mix_blend_mode et_block_column\">\n\t\t\t\t\n\t\t\t\t\n\t\t\t\t\n\t\t\t\t\n\t\t\t\t<div class=\"et_pb_module et_d4_element et_pb_gallery et_pb_gallery_0  et_pb_bg_layout_light et_pb_slider et_pb_gallery_fullwidth\">\n\t\t\t\t<div class=\"et_pb_gallery_items et_pb_grid_items et_post_gallery clearfix\" data-per_page=\"4\"><div class=\"et_pb_gallery_item et_pb_bg_layout_light et_pb_css_mix_blend_mode et_pb_gallery_item_0_0\"><div class=\"et_pb_gallery_image landscape\">\n\t\t\t\t\t<a href=\"https:\/\/firmaefraim.st\/wp-content\/uploads\/2023\/12\/Frame-2.png\" title=\"Frame 2\">\n\t\t\t\t\t<img loading=\"lazy\" decoding=\"async\" width=\"1080\" height=\"1080\" src=\"https:\/\/firmaefraim.st\/wp-content\/uploads\/2023\/12\/Frame-2.png\" class=\"wp-image-81774\" srcset=\"https:\/\/firmaefraim.st\/wp-content\/uploads\/2023\/12\/Frame-2.png 1080w, https:\/\/firmaefraim.st\/wp-content\/uploads\/2023\/12\/Frame-2-980x980.png 980w, https:\/\/firmaefraim.st\/wp-content\/uploads\/2023\/12\/Frame-2-480x480.png 480w\" sizes=\"(min-width: 0px) and (max-width: 480px) 480px, (min-width: 481px) and (max-width: 980px) 980px, (min-width: 981px) 1080px, 100vw\" \/>\n\t\t\t\t\t\n\t\t\t\t<\/a>\n\t\t\t\t<\/div><\/div><div class=\"et_pb_gallery_item et_pb_bg_layout_light et_pb_css_mix_blend_mode et_pb_gallery_item_0_1\"><div class=\"et_pb_gallery_image landscape\">\n\t\t\t\t\t<a href=\"https:\/\/firmaefraim.st\/wp-content\/uploads\/2023\/12\/IMG_0351.jpg\" title=\"IMG_0351\">\n\t\t\t\t\t<img loading=\"lazy\" decoding=\"async\" width=\"1080\" height=\"1920\" src=\"https:\/\/firmaefraim.st\/wp-content\/uploads\/2023\/12\/IMG_0351.jpg\" class=\"wp-image-81739\" srcset=\"https:\/\/firmaefraim.st\/wp-content\/uploads\/2023\/12\/IMG_0351.jpg 1080w, https:\/\/firmaefraim.st\/wp-content\/uploads\/2023\/12\/IMG_0351-980x1742.jpg 980w, https:\/\/firmaefraim.st\/wp-content\/uploads\/2023\/12\/IMG_0351-480x853.jpg 480w\" sizes=\"(min-width: 0px) and (max-width: 480px) 480px, (min-width: 481px) and (max-width: 980px) 980px, (min-width: 981px) 1080px, 100vw\" \/>\n\t\t\t\t\t\n\t\t\t\t<\/a>\n\t\t\t\t<\/div><\/div><div class=\"et_pb_gallery_item et_pb_bg_layout_light et_pb_css_mix_blend_mode et_pb_gallery_item_0_2\"><div class=\"et_pb_gallery_image landscape\">\n\t\t\t\t\t<a href=\"https:\/\/firmaefraim.st\/wp-content\/uploads\/2023\/12\/Campos-STP-27-scaled-e1703078227575.jpg\" title=\"Campos STP 27\">\n\t\t\t\t\t<img loading=\"lazy\" decoding=\"async\" width=\"1442\" height=\"1440\" src=\"https:\/\/firmaefraim.st\/wp-content\/uploads\/2023\/12\/Campos-STP-27-scaled-e1703078227575.jpg\" class=\"wp-image-81732\" srcset=\"https:\/\/firmaefraim.st\/wp-content\/uploads\/2023\/12\/Campos-STP-27-scaled-e1703078227575.jpg 1442w, https:\/\/firmaefraim.st\/wp-content\/uploads\/2023\/12\/Campos-STP-27-scaled-e1703078227575-1280x720.jpg 1280w, https:\/\/firmaefraim.st\/wp-content\/uploads\/2023\/12\/Campos-STP-27-scaled-e1703078227575-980x551.jpg 980w, https:\/\/firmaefraim.st\/wp-content\/uploads\/2023\/12\/Campos-STP-27-scaled-e1703078227575-480x270.jpg 480w\" sizes=\"(min-width: 0px) and (max-width: 480px) 480px, (min-width: 481px) and (max-width: 980px) 980px, (min-width: 981px) and (max-width: 1280px) 1280px, (min-width: 1281px) 1442px, 100vw\" \/>\n\t\t\t\t\t\n\t\t\t\t<\/a>\n\t\t\t\t<\/div><\/div><\/div><\/div>\n\t\t\t<\/div><div class=\"et_d4_element et_pb_column_1_2 et_pb_column et_pb_column_2  et_pb_css_mix_blend_mode et-last-child et_block_column\">\n\t\t\t\t\n\t\t\t\t\n\t\t\t\t\n\t\t\t\t\n\t\t\t\t<div class=\"et_pb_module et_d4_element et_pb_text et_pb_text_1  et_pb_text_align_left et_pb_bg_layout_light\">\n\t\t\t\t\n\t\t\t\t\n\t\t\t\t\n\t\t\t\t\n\t\t\t\t<div class=\"et_pb_text_inner\"><h1>Restaurante<\/h1><\/div>\n\t\t\t<\/div><div class=\"et_pb_module et_d4_element et_pb_text et_pb_text_2  et_pb_text_align_center et_pb_bg_layout_light\">\n\t\t\t\t\n\t\t\t\t\n\t\t\t\t\n\t\t\t\t\n\t\t\t\t<div class=\"et_pb_text_inner\">Sabores enraizados na terra, partilhados \u00e0 mesa.<\/div>\n\t\t\t<\/div><div class=\"et_pb_module et_d4_element et_pb_text et_pb_text_3  et_pb_text_align_center et_pb_bg_layout_light\">\n\t\t\t\t\n\t\t\t\t\n\t\t\t\t\n\t\t\t\t\n\t\t\t\t<div class=\"et_pb_text_inner\">No restaurante da Firma Efraim, cada prato \u00e9 preparado com respeito pelos ingredientes e pelo tempo. Trabalhamos com produtos locais e receitas inspiradas em Monte Caf\u00e9, criando refei\u00e7\u00f5es simples, aut\u00eanticas e cheias de significado.<\/div>\n\t\t\t<\/div><div class=\"et_pb_with_border et_pb_module et_d4_element et_pb_code et_pb_code_0  et_pb_text_align_left\">\n\t\t\t\t\n\t\t\t\t\n\t\t\t\t\n\t\t\t\t\n\t\t\t\t<div class=\"et_pb_code_inner\"><div class=\"coffee_pricing\">\n  <div class=\"grinded_coffee\">\n  <h4><strong>PRATOS<\/strong><\/h4>\n\t\n\t\t<ul>\n      <li>Entradas<\/li>\n      <li>Peixe<\/li>\n      <li>Carnes<\/li>\n      <li>Especialidades<\/li>\n      <li>Sobremesas<\/li>\n<\/div>\n\n<div class=\"roasted_coffee\">\n  <h4><strong>BEBIDAS<\/strong><\/h4>\n\t\t<ul>\n      <li>Cervejas e Refrigerantes<\/li>\n<li>Vinhos<\/li>\n<li>Bebidas Naturais<\/li>\n<li>Bebidas Artesanais<\/li>\n      <li>Caf\u00e9 com Arte<\/li>\n<\/ul>\n\t\n<\/div>\n\n<\/div><\/div>\n\t\t\t<\/div><div class=\"et_pb_button_module_wrapper et_pb_button_0_wrapper et_pb_button_alignment_center et_pb_module\">\n\t\t\t\t<a class=\"et_pb_button et_d4_element et_pb_button_0 et_pb_bg_layout_light et_block_module\" href=\"https:\/\/wa.me\/2399010111?text=Hello,%20I%20would%20like%20to%20reserve%20a%20table%20at%20your%20*RESTAURANT*.%20Could%20you%20please%20confirm%20availability%20and%20reservation%20details?%20Thank%20you.\" data-icon=\"\uf232\">Reserve a Sua Mesa<\/a>\n\t\t\t<\/div>\n\t\t\t<\/div>\n\t\t\t\t\n\t\t\t\t\n\t\t\t\t\n\t\t\t\t\n\t\t\t<\/div><div class=\"et_d4_element et_pb_row et_pb_row_2 et_pb_row_fullwidth et_pb_equal_columns et_pb_gutters1  et_pb_css_mix_blend_mode et_block_row\">\n\t\t\t\t<div class=\"et_d4_element et_pb_column_1_2 et_pb_column et_pb_column_3  et_pb_css_mix_blend_mode et_block_column\">\n\t\t\t\t\n\t\t\t\t\n\t\t\t\t\n\t\t\t\t\n\t\t\t\t<div class=\"et_pb_module et_d4_element et_pb_text et_pb_text_4  et_pb_text_align_left et_pb_bg_layout_light\">\n\t\t\t\t\n\t\t\t\t\n\t\t\t\t\n\t\t\t\t\n\t\t\t\t<div class=\"et_pb_text_inner\"><h1>Guesthouse<\/h1><\/div>\n\t\t\t<\/div><div class=\"et_pb_module et_d4_element et_pb_text et_pb_text_5  et_pb_text_align_center et_pb_bg_layout_light\">\n\t\t\t\t\n\t\t\t\t\n\t\t\t\t\n\t\t\t\t\n\t\t\t\t<div class=\"et_pb_text_inner\">Um lugar tranquilo para descansar, rodeado de natureza e hist\u00f3ria.<\/div>\n\t\t\t<\/div><div class=\"et_pb_module et_d4_element et_pb_text et_pb_text_6  et_pb_text_align_center et_pb_bg_layout_light\">\n\t\t\t\t\n\t\t\t\t\n\t\t\t\t\n\t\t\t\t\n\t\t\t\t<div class=\"et_pb_text_inner\">Rodeada pela natureza e por um sil\u00eancio sereno, a Guest House da Firma Efraim \u00e9 um lugar de descanso e reflex\u00e3o. Cada estadia convida a viver Monte Caf\u00e9 ao seu pr\u00f3prio ritmo, com conforto e cuidado.<\/div>\n\t\t\t<\/div><div class=\"et_pb_with_border et_pb_module et_d4_element et_pb_code et_pb_code_1  et_pb_text_align_left\">\n\t\t\t\t\n\t\t\t\t\n\t\t\t\t\n\t\t\t\t\n\t\t\t\t<div class=\"et_pb_code_inner\"><div class=\"coffee_pricing\">\n  <div class=\"grinded_coffee\">\n  <h4><strong>QUARTOS<\/strong><\/h4>\n\t\n\t\t<ul>\n      <li>Quarto caf\u00e9 - com casa de banho privada<\/li>\n      <li>Quarto Cacau - com casa de banho privada<\/li>\n      <li>Quarto Aroma - com casa de banho privada<\/li>\n  <\/ul>\n\t\n<\/div>\n\n<div class=\"roasted_coffee\">\n  <h4><strong>SERVI\u00c7OS<\/strong><\/h4>\n\t\n\t\t<ul>\n      <li>Pequeno almo\u00e7o inclu\u00eddo<\/li>\n      <li>Check-in 12h00<\/li>\n      <li>Check-out 10h30<\/li>\n\n  <\/ul>\n\t\n<\/div>\n<\/div><\/div>\n\t\t\t<\/div><div class=\"et_pb_button_module_wrapper et_pb_button_1_wrapper et_pb_button_alignment_center et_pb_module\">\n\t\t\t\t<a class=\"et_pb_button et_d4_element et_pb_button_1 et_pb_bg_layout_light et_block_module\" href=\"https:\/\/wa.me\/2399010111?text=Hello,%20I%20would%20like%20to%20check%20availability%20for%20the%20*GUEST%20HOUSE*.%20Please%20let%20me%20know%20available%20dates%20and%20booking%20details.%20Thank%20you.\" data-icon=\"\uf232\">Marque a sua estadia<\/a>\n\t\t\t<\/div>\n\t\t\t<\/div><div class=\"et_d4_element et_pb_column_1_2 et_pb_column et_pb_column_4  et_pb_css_mix_blend_mode et-last-child et_block_column\">\n\t\t\t\t\n\t\t\t\t\n\t\t\t\t\n\t\t\t\t\n\t\t\t\t<div class=\"et_pb_module et_d4_element et_pb_gallery et_pb_gallery_1  et_pb_bg_layout_light et_pb_slider et_pb_gallery_fullwidth\">\n\t\t\t\t<div class=\"et_pb_gallery_items et_pb_grid_items et_post_gallery clearfix\" data-per_page=\"4\"><div class=\"et_pb_gallery_item et_pb_bg_layout_light et_pb_css_mix_blend_mode et_pb_gallery_item_1_0\"><div class=\"et_pb_gallery_image landscape\">\n\t\t\t\t\t<a href=\"https:\/\/firmaefraim.st\/wp-content\/uploads\/2023\/12\/Campos-STP-28.jpg\" title=\"Campos STP 28\">\n\t\t\t\t\t<img loading=\"lazy\" decoding=\"async\" width=\"775\" height=\"775\" src=\"https:\/\/firmaefraim.st\/wp-content\/uploads\/2023\/12\/Campos-STP-28.jpg\" class=\"wp-image-81802\" srcset=\"https:\/\/firmaefraim.st\/wp-content\/uploads\/2023\/12\/Campos-STP-28.jpg 775w, https:\/\/firmaefraim.st\/wp-content\/uploads\/2023\/12\/Campos-STP-28-480x480.jpg 480w\" sizes=\"(min-width: 0px) and (max-width: 480px) 480px, (min-width: 481px) 775px, 100vw\" \/>\n\t\t\t\t\t\n\t\t\t\t<\/a>\n\t\t\t\t<\/div><\/div><div class=\"et_pb_gallery_item et_pb_bg_layout_light et_pb_css_mix_blend_mode et_pb_gallery_item_1_1\"><div class=\"et_pb_gallery_image landscape\">\n\t\t\t\t\t<a href=\"https:\/\/firmaefraim.st\/wp-content\/uploads\/2023\/12\/Campos-STP-7.jpg\" title=\"Campos STP 7\">\n\t\t\t\t\t<img loading=\"lazy\" decoding=\"async\" width=\"772\" height=\"772\" src=\"https:\/\/firmaefraim.st\/wp-content\/uploads\/2023\/12\/Campos-STP-7.jpg\" class=\"wp-image-81801\" srcset=\"https:\/\/firmaefraim.st\/wp-content\/uploads\/2023\/12\/Campos-STP-7.jpg 772w, https:\/\/firmaefraim.st\/wp-content\/uploads\/2023\/12\/Campos-STP-7-480x480.jpg 480w\" sizes=\"(min-width: 0px) and (max-width: 480px) 480px, (min-width: 481px) 772px, 100vw\" \/>\n\t\t\t\t\t\n\t\t\t\t<\/a>\n\t\t\t\t<\/div><\/div><div class=\"et_pb_gallery_item et_pb_bg_layout_light et_pb_css_mix_blend_mode et_pb_gallery_item_1_2\"><div class=\"et_pb_gallery_image landscape\">\n\t\t\t\t\t<a href=\"https:\/\/firmaefraim.st\/wp-content\/uploads\/2023\/12\/Campos-STP-16.jpg\" title=\"Campos STP 16\">\n\t\t\t\t\t<img loading=\"lazy\" decoding=\"async\" width=\"1280\" height=\"960\" src=\"https:\/\/firmaefraim.st\/wp-content\/uploads\/2023\/12\/Campos-STP-16.jpg\" class=\"wp-image-81800\" srcset=\"https:\/\/firmaefraim.st\/wp-content\/uploads\/2023\/12\/Campos-STP-16.jpg 1280w, https:\/\/firmaefraim.st\/wp-content\/uploads\/2023\/12\/Campos-STP-16-980x735.jpg 980w, https:\/\/firmaefraim.st\/wp-content\/uploads\/2023\/12\/Campos-STP-16-480x360.jpg 480w\" sizes=\"(min-width: 0px) and (max-width: 480px) 480px, (min-width: 481px) and (max-width: 980px) 980px, (min-width: 981px) 1280px, 100vw\" \/>\n\t\t\t\t\t\n\t\t\t\t<\/a>\n\t\t\t\t<\/div><\/div><div class=\"et_pb_gallery_item et_pb_bg_layout_light et_pb_css_mix_blend_mode et_pb_gallery_item_1_3\"><div class=\"et_pb_gallery_image landscape\">\n\t\t\t\t\t<a href=\"https:\/\/firmaefraim.st\/wp-content\/uploads\/2023\/12\/Campos-STP-5.jpg\" title=\"Campos STP 5\">\n\t\t\t\t\t<img loading=\"lazy\" decoding=\"async\" width=\"780\" height=\"780\" src=\"https:\/\/firmaefraim.st\/wp-content\/uploads\/2023\/12\/Campos-STP-5.jpg\" class=\"wp-image-81798\" srcset=\"https:\/\/firmaefraim.st\/wp-content\/uploads\/2023\/12\/Campos-STP-5.jpg 780w, https:\/\/firmaefraim.st\/wp-content\/uploads\/2023\/12\/Campos-STP-5-480x480.jpg 480w\" sizes=\"(min-width: 0px) and (max-width: 480px) 480px, (min-width: 481px) 780px, 100vw\" \/>\n\t\t\t\t\t\n\t\t\t\t<\/a>\n\t\t\t\t<\/div><\/div><div class=\"et_pb_gallery_item et_pb_bg_layout_light et_pb_css_mix_blend_mode et_pb_gallery_item_1_4\"><div class=\"et_pb_gallery_image landscape\">\n\t\t\t\t\t<a href=\"https:\/\/firmaefraim.st\/wp-content\/uploads\/2023\/12\/Campos-STP-6-1.jpg\" title=\"Campos STP 6\">\n\t\t\t\t\t<img loading=\"lazy\" decoding=\"async\" width=\"981\" height=\"701\" src=\"https:\/\/firmaefraim.st\/wp-content\/uploads\/2023\/12\/Campos-STP-6-1.jpg\" class=\"wp-image-81797\" srcset=\"https:\/\/firmaefraim.st\/wp-content\/uploads\/2023\/12\/Campos-STP-6-1.jpg 981w, https:\/\/firmaefraim.st\/wp-content\/uploads\/2023\/12\/Campos-STP-6-1-480x343.jpg 480w\" sizes=\"(min-width: 0px) and (max-width: 480px) 480px, (min-width: 481px) 981px, 100vw\" \/>\n\t\t\t\t\t\n\t\t\t\t<\/a>\n\t\t\t\t<\/div><\/div><div class=\"et_pb_gallery_item et_pb_bg_layout_light et_pb_css_mix_blend_mode et_pb_gallery_item_1_5\"><div class=\"et_pb_gallery_image landscape\">\n\t\t\t\t\t<a href=\"https:\/\/firmaefraim.st\/wp-content\/uploads\/2023\/12\/Campos-STP.jpg\" title=\"Campos STP\">\n\t\t\t\t\t<img loading=\"lazy\" decoding=\"async\" width=\"770\" height=\"770\" src=\"https:\/\/firmaefraim.st\/wp-content\/uploads\/2023\/12\/Campos-STP.jpg\" class=\"wp-image-81734\" srcset=\"https:\/\/firmaefraim.st\/wp-content\/uploads\/2023\/12\/Campos-STP.jpg 770w, https:\/\/firmaefraim.st\/wp-content\/uploads\/2023\/12\/Campos-STP-480x480.jpg 480w\" sizes=\"(min-width: 0px) and (max-width: 480px) 480px, (min-width: 481px) 770px, 100vw\" \/>\n\t\t\t\t\t\n\t\t\t\t<\/a>\n\t\t\t\t<\/div><\/div><\/div><\/div>\n\t\t\t<\/div>\n\t\t\t\t\n\t\t\t\t\n\t\t\t\t\n\t\t\t\t\n\t\t\t<\/div><div class=\"et_d4_element et_pb_row et_pb_row_3 et_pb_row_fullwidth et_pb_equal_columns et_pb_gutters1  et_pb_css_mix_blend_mode et_block_row\">\n\t\t\t\t<div class=\"et_d4_element et_pb_column_1_2 et_pb_column et_pb_column_5  et_pb_css_mix_blend_mode et_block_column\">\n\t\t\t\t\n\t\t\t\t\n\t\t\t\t\n\t\t\t\t\n\t\t\t\t<div class=\"et_pb_module et_d4_element et_pb_gallery et_pb_gallery_2  et_pb_bg_layout_light et_pb_slider et_pb_gallery_fullwidth\">\n\t\t\t\t<div class=\"et_pb_gallery_items et_pb_grid_items et_post_gallery clearfix\" data-per_page=\"4\"><div class=\"et_pb_gallery_item et_pb_bg_layout_light et_pb_css_mix_blend_mode et_pb_gallery_item_2_0\"><div class=\"et_pb_gallery_image landscape\">\n\t\t\t\t\t<a href=\"https:\/\/firmaefraim.st\/wp-content\/uploads\/2023\/12\/Campos-STP-3.jpg\" title=\"Campos STP 3\">\n\t\t\t\t\t<img loading=\"lazy\" decoding=\"async\" width=\"883\" height=\"883\" src=\"https:\/\/firmaefraim.st\/wp-content\/uploads\/2023\/12\/Campos-STP-3.jpg\" class=\"wp-image-81790\" srcset=\"https:\/\/firmaefraim.st\/wp-content\/uploads\/2023\/12\/Campos-STP-3.jpg 883w, https:\/\/firmaefraim.st\/wp-content\/uploads\/2023\/12\/Campos-STP-3-480x480.jpg 480w\" sizes=\"(min-width: 0px) and (max-width: 480px) 480px, (min-width: 481px) 883px, 100vw\" \/>\n\t\t\t\t\t\n\t\t\t\t<\/a>\n\t\t\t\t<\/div><\/div><div class=\"et_pb_gallery_item et_pb_bg_layout_light et_pb_css_mix_blend_mode et_pb_gallery_item_2_1\"><div class=\"et_pb_gallery_image landscape\">\n\t\t\t\t\t<a href=\"https:\/\/firmaefraim.st\/wp-content\/uploads\/2024\/04\/WhatsApp-Image-2024-04-05-at-11.17.38.jpeg\" title=\"WhatsApp Image 2024-04-05 at 11.17.38\">\n\t\t\t\t\t<img loading=\"lazy\" decoding=\"async\" width=\"575\" height=\"1280\" src=\"https:\/\/firmaefraim.st\/wp-content\/uploads\/2024\/04\/WhatsApp-Image-2024-04-05-at-11.17.38.jpeg\" class=\"wp-image-81901\" srcset=\"https:\/\/firmaefraim.st\/wp-content\/uploads\/2024\/04\/WhatsApp-Image-2024-04-05-at-11.17.38.jpeg 575w, https:\/\/firmaefraim.st\/wp-content\/uploads\/2024\/04\/WhatsApp-Image-2024-04-05-at-11.17.38-480x1069.jpeg 480w\" sizes=\"(min-width: 0px) and (max-width: 480px) 480px, (min-width: 481px) 575px, 100vw\" \/>\n\t\t\t\t\t\n\t\t\t\t<\/a>\n\t\t\t\t<\/div><\/div><div class=\"et_pb_gallery_item et_pb_bg_layout_light et_pb_css_mix_blend_mode et_pb_gallery_item_2_2\"><div class=\"et_pb_gallery_image landscape\">\n\t\t\t\t\t<a href=\"https:\/\/firmaefraim.st\/wp-content\/uploads\/2024\/04\/WhatsApp-Image-2024-04-05-at-11.17.37.jpeg\" title=\"WhatsApp Image 2024-04-05 at 11.17.37\">\n\t\t\t\t\t<img loading=\"lazy\" decoding=\"async\" width=\"575\" height=\"1280\" src=\"https:\/\/firmaefraim.st\/wp-content\/uploads\/2024\/04\/WhatsApp-Image-2024-04-05-at-11.17.37.jpeg\" class=\"wp-image-81899\" srcset=\"https:\/\/firmaefraim.st\/wp-content\/uploads\/2024\/04\/WhatsApp-Image-2024-04-05-at-11.17.37.jpeg 575w, https:\/\/firmaefraim.st\/wp-content\/uploads\/2024\/04\/WhatsApp-Image-2024-04-05-at-11.17.37-480x1069.jpeg 480w\" sizes=\"(min-width: 0px) and (max-width: 480px) 480px, (min-width: 481px) 575px, 100vw\" \/>\n\t\t\t\t\t\n\t\t\t\t<\/a>\n\t\t\t\t<\/div><\/div><\/div><\/div>\n\t\t\t<\/div><div class=\"et_d4_element et_pb_column_1_2 et_pb_column et_pb_column_6  et_pb_css_mix_blend_mode et-last-child et_block_column\">\n\t\t\t\t\n\t\t\t\t\n\t\t\t\t\n\t\t\t\t\n\t\t\t\t<div class=\"et_pb_module et_d4_element et_pb_text et_pb_text_7  et_pb_text_align_left et_pb_bg_layout_light\">\n\t\t\t\t\n\t\t\t\t\n\t\t\t\t\n\t\t\t\t\n\t\t\t\t<div class=\"et_pb_text_inner\"><h1>Go LOCAL TOUR<\/h1><\/div>\n\t\t\t<\/div><div class=\"et_pb_module et_d4_element et_pb_text et_pb_text_8  et_pb_text_align_center et_pb_bg_layout_light\">\n\t\t\t\t\n\t\t\t\t\n\t\t\t\t\n\t\t\t\t\n\t\t\t\t<div class=\"et_pb_text_inner\">Descubra Monte Caf\u00e9 atrav\u00e9s das suas pessoas, da sua terra e das suas hist\u00f3rias.<\/div>\n\t\t\t<\/div><div class=\"et_pb_module et_d4_element et_pb_text et_pb_text_9  et_pb_text_align_center et_pb_bg_layout_light\">\n\t\t\t\t\n\t\t\t\t\n\t\t\t\t\n\t\t\t\t\n\t\t\t\t<div class=\"et_pb_text_inner\">O nosso Go Local Tour convida-o a caminhar, observar e escutar. Guiado pelo conhecimento local, oferece uma forma aut\u00eantica de se ligar \u00e0 terra, \u00e0 comunidade e \u00e0s hist\u00f3rias que moldam Monte Caf\u00e9.<\/div>\n\t\t\t<\/div><div class=\"et_pb_with_border et_pb_module et_d4_element et_pb_code et_pb_code_2  et_pb_text_align_left\">\n\t\t\t\t\n\t\t\t\t\n\t\t\t\t\n\t\t\t\t\n\t\t\t\t<div class=\"et_pb_code_inner\"><div class=\"coffee_pricing\">\n  <div class=\"grinded_coffee\">\n  <h4><strong>TOURS<\/strong><\/h4>\n\t\n\t\t<ul>\n      <li>Visita \u00e0s planta\u00e7\u00f5es<\/li>\n      <li>Atra\u00e7\u00f5es Locais<\/li>\n      <li>Produ\u00e7\u00e3o de Caf\u00e9<\/li>\n      <li>Museu do Caf\u00e9<\/li>\n      <li>Comunidade <\/li>\n  <\/ul>\n\t\n<\/div>\n\n<div class=\"roasted_coffee\">\n  <h4><strong>WORKSHOPS<\/strong><\/h4>\n\t\n\t\t<ul>\n      <li>Aprenda a preparar o seu caf\u00e9<\/li>\n      <li>Descubra a nossa cozinha local<\/li>\n  <\/ul>\n\t\n<\/div>\n\n<\/div><\/div>\n\t\t\t<\/div><div class=\"et_pb_button_module_wrapper et_pb_button_2_wrapper et_pb_button_alignment_center et_pb_module\">\n\t\t\t\t<a class=\"et_pb_button et_d4_element et_pb_button_2 et_pb_bg_layout_light et_block_module\" href=\"https:\/\/wa.me\/2399010111?text=Hello,%20I%20would%20like%20to%20book%20a%20*GO%20LOCAL%20TOUR*.%20Could%20you%20please%20share%20available%20tours,%20dates,%20and%20details?%20Thank%20you.\" data-icon=\"\uf232\">Descubra o local<\/a>\n\t\t\t<\/div>\n\t\t\t<\/div>\n\t\t\t\t\n\t\t\t\t\n\t\t\t\t\n\t\t\t\t\n\t\t\t<\/div>\n\t\t\t\t\n\t\t\t\t\n\t\t\t<\/div>","protected":false},"excerpt":{"rendered":"","protected":false},"author":1,"featured_media":0,"parent":0,"menu_order":0,"comment_status":"closed","ping_status":"closed","template":"","meta":{"inline_featured_image":false,"_et_pb_use_builder":"on","_et_pb_old_content":"","_et_gb_content_width":"","footnotes":""},"class_list":["post-81554","page","type-page","status-publish","hentry"],"_links":{"self":[{"href":"https:\/\/firmaefraim.st\/pt\/wp-json\/wp\/v2\/pages\/81554","targetHints":{"allow":["GET"]}}],"collection":[{"href":"https:\/\/firmaefraim.st\/pt\/wp-json\/wp\/v2\/pages"}],"about":[{"href":"https:\/\/firmaefraim.st\/pt\/wp-json\/wp\/v2\/types\/page"}],"author":[{"embeddable":true,"href":"https:\/\/firmaefraim.st\/pt\/wp-json\/wp\/v2\/users\/1"}],"replies":[{"embeddable":true,"href":"https:\/\/firmaefraim.st\/pt\/wp-json\/wp\/v2\/comments?post=81554"}],"version-history":[{"count":55,"href":"https:\/\/firmaefraim.st\/pt\/wp-json\/wp\/v2\/pages\/81554\/revisions"}],"predecessor-version":[{"id":82245,"href":"https:\/\/firmaefraim.st\/pt\/wp-json\/wp\/v2\/pages\/81554\/revisions\/82245"}],"wp:attachment":[{"href":"https:\/\/firmaefraim.st\/pt\/wp-json\/wp\/v2\/media?parent=81554"}],"curies":[{"name":"wp","href":"https:\/\/api.w.org\/{rel}","templated":true}]}}